{"id":802,"date":"2020-05-11T14:23:34","date_gmt":"2020-05-11T05:23:34","guid":{"rendered":"http:\/\/preken.jp\/portal3\/?page_id=802"},"modified":"2026-01-29T12:43:12","modified_gmt":"2026-01-29T03:43:12","slug":"%e5%8f%97%e6%a4%9c%e8%80%85%e3%81%ae%e5%a3%b0","status":"publish","type":"page","link":"https:\/\/preken.jp\/portal3\/%e5%88%a9%e7%94%a8%e8%80%85%e3%81%ae%e5%a3%b0\/%e5%8f%97%e6%a4%9c%e8%80%85%e3%81%ae%e5%a3%b0\/","title":{"rendered":"\u53d7\u691c\u8005\u306e\u58f0"},"content":{"rendered":"\n<p class=\"has-text-align-center\"><span style=\"font-size: 18pt; color: #ff6600;\"><strong><span class=\"s1\"><a id=\"suda\"><\/a>\u300c\u5fc5\u305a\u5f79\u306b\u7acb\u3064\u30b9\u30ad\u30eb\u300d<br><\/span><\/strong><\/span><\/p>\n\n\n<div class=\"wp-block-image\">\n<figure class=\"alignleft\"><img loading=\"lazy\" decoding=\"async\" width=\"150\" height=\"150\" src=\"https:\/\/preken.jp\/portal3\/wp-content\/uploads\/2021\/04\/20210326-\u83c5\u7530\u6e05\u69d8-150x150.jpg\" alt=\"\" class=\"wp-image-2715\"\/><\/figure>\n<\/div>\n\n\n<p><\/p>\n\n\n\n<p>\u30d7\u30ec\u691c\u6e961\u7d1a\/2\u7d1a\u5408\u683c\u3000\u83c5\u7530 \u6e05\u3055\u3093\uff08\u516c\u52d9\u54e1\/\u7537\u6027\/50\u4ee3\uff09<\/p>\n\n\n\n<p>\u4ed5\u4e8b\u306b\u5f79\u7acb\u3064\u3053\u3068\u3092\u671f\u5f85\u3057\u3066\u30d7\u30ec\u691c\u53d7\u691c\u306b\u81e8\u307f\u307e\u3057\u305f\u3002<br>\u8a66\u9a13\u306f\u96e3\u3057\u304b\u3063\u305f\u3067\u3059\u304c\u3001\u304b\u306a\u308a\u306e\u30d7\u30ec\u30bc\u30f3\u529b\u304c\u4ed8\u3044\u305f\u3068\u601d\u3044\u307e\u3059\u3002<\/p>\n\n\n\n<p>\u8a66\u9a13\u306e\u4e2d\u3067\u306f\u30012\u7d1a\u306e\u52d5\u753b\u64ae\u5f71\u304c\u7279\u306b\u5370\u8c61\u306b\u6b8b\u3063\u3066\u3044\u307e\u3059\u306d\u3002<br>\u81ea\u5206\u3067\u64ae\u5f71\u3057\u305f\u30d7\u30ec\u30bc\u30f3\u52d5\u753b\u3092\u63d0\u51fa\u3059\u308b\u306e\u3067\u3059\u304c\u3001\u52d5\u753b\u3092\u64ae\u308b\u306e\u306b\u9069\u3057\u305f\u5834\u6240\u3092\u898b\u3064\u3051\u308b\u306e\u306b\u306f\u82e6\u52b4\u3057\u307e\u3057\u305f\u3002<\/p>\n\n\n\n<p>\u30d7\u30ec\u30bc\u30f3\u306f\u3001\u5b66\u3079\u3070\u5b66\u3076\u307b\u3069\u3067\u304d\u308b\u3053\u3068\u304c\u591a\u304f\u306a\u308a\u3001\u65b0\u3057\u3044\u767a\u898b\u304c\u3042\u308a\u307e\u3059\u3002<br>\u3053\u3053\u305e\u3068\u3044\u3046\u3068\u304d\u306b\u306f\u5fc5\u305a\u5f79\u306b\u7acb\u3064\u306e\u304c\u30d7\u30ec\u30bc\u30f3\u30b9\u30ad\u30eb\u3067\u3059\u3002<\/p>\n\n\n\n<p>\u3042\u304d\u3089\u3081\u305a\u306b\u52c9\u5f37\u3092\u3059\u308c\u3070\u3001\u30d7\u30ec\u30bc\u30f3\u529b\u3082\u4ed8\u304d\u307e\u3059\u3057\u5fc5\u305a\u5408\u683c\u3067\u304d\u307e\u3059\u3002<br>\u305c\u3072\u5408\u683c\u3092\u76ee\u6307\u3057\u3066\u3001\u6311\u6226\u3092\u7d9a\u3051\u3066\u304f\u3060\u3055\u3044\u3002<\/p>\n\n\n\n<h4 class=\"wp-block-heading\">&nbsp;<\/h4>\n\n\n<div class=\"wp-block-image\">\n<figure class=\"alignleft\"><img loading=\"lazy\" decoding=\"async\" width=\"15\" height=\"15\" src=\"https:\/\/preken.jp\/portal3\/wp-content\/uploads\/2020\/06\/top.jpg\" alt=\"\" class=\"wp-image-1228\"\/><\/figure>\n<\/div>\n\n\n<p><\/p>\n\n\n\n<p class=\"has-text-align-center\"><span style=\"font-size: 18pt; color: #ff6600;\"><strong><span class=\"s1\"><a id=\"kuritani\"><\/a>\u300c\u4ed5\u4e8b\u3067\u6b20\u304b\u305b\u306a\u3044\u80fd\u529b\u300d<br><\/span><\/strong><\/span><\/p>\n\n\n<div class=\"wp-block-image\">\n<figure class=\"alignleft is-resized\"><img loading=\"lazy\" decoding=\"async\" width=\"244\" height=\"300\" src=\"https:\/\/preken.jp\/portal3\/wp-content\/uploads\/2022\/07\/20220322\u53d7\u9818-\u6817\u8c37\u6dbc\u592a\u69d8-\u30d7\u30ec\u691c\u53d7\u691c\u8005\u306e\u5199\u771f-1-244x300.jpg\" alt=\"\" class=\"wp-image-4331\" style=\"width:146px;height:auto\" srcset=\"https:\/\/preken.jp\/portal3\/wp-content\/uploads\/2022\/07\/20220322\u53d7\u9818-\u6817\u8c37\u6dbc\u592a\u69d8-\u30d7\u30ec\u691c\u53d7\u691c\u8005\u306e\u5199\u771f-1-244x300.jpg 244w, https:\/\/preken.jp\/portal3\/wp-content\/uploads\/2022\/07\/20220322\u53d7\u9818-\u6817\u8c37\u6dbc\u592a\u69d8-\u30d7\u30ec\u691c\u53d7\u691c\u8005\u306e\u5199\u771f-1.jpg 500w\" sizes=\"auto, (max-width: 244px) 100vw, 244px\" \/><\/figure>\n<\/div>\n\n\n<p><\/p>\n\n\n\n<p class=\"p1\"><span class=\"s1\">\u30d7\u30ec\u691c<\/span><span class=\"s2\">2<\/span><span class=\"s1\">\u7d1a\u5408\u683c\u3000\u6817\u8c37\u3000\u6dbc\u592a<\/span><span class=\"s1\">\u3055\u3093\uff08\u4f1a\u793e\u54e1<\/span><span class=\"s2\">\/<\/span><span class=\"s1\">\u7537\u6027<\/span><span class=\"s2\">\/20<\/span><span class=\"s1\">\u4ee3\uff09<\/span><\/p>\n\n\n\n<p class=\"p1\">\u9280\u884c\u306e\u4eba\u4e8b\u90e8\u306b\u914d\u5c5e\u3068\u306a\u308a\u3001\u4eba\u306b\u767a\u4fe1\u3059\u308b\u6a5f\u4f1a\u304c\u5897\u3048\u305f\u305f\u3081\u30d7\u30ec\u30bc\u30f3\u30c6\u30fc\u30b7\u30e7\u30f3\u306e\u52c9\u5f37\u3092\u3057\u305f\u3044\u3068\u8003\u3048\u3066\u3044\u307e\u3057\u305f\u3002<br>\u305d\u3093\u306a\u3068\u304d\u306b\u3001\u30d7\u30ec\u691c\u304c\u3042\u308b\u3053\u3068\u3092\u77e5\u308a\u3001\u529b\u306b\u306a\u308b\u3068\u601d\u3044\u53d7\u691c\u3059\u308b\u3053\u3068\u3092\u6c7a\u3081\u307e\u3057\u305f\u3002<\/p>\n\n\n\n<p>\u30d7\u30ec\u691c\u306e\u8a66\u9a13\u306f\u9762\u767d\u304f\u3001\u975e\u5e38\u306b\u5965\u304c\u6df1\u3044\u3082\u306e\u3067\u3059\u3002<\/p>\n\n\n\n<p>\u30d7\u30ec\u30bc\u30f3\u529b\u306f\u3001\u73fe\u5728\u50cd\u304f\u4e0a\u3067\u5fc5\u8981\u4e0d\u53ef\u6b20\u306a\u30b9\u30ad\u30eb\u3060\u3068\u601d\u3044\u307e\u3059\u3002<br>\u79c1\u3082\u3055\u3089\u306b\u30d7\u30ec\u30bc\u30f3\u529b\u3092\u78e8\u304f\u305f\u3081\u306b\u30011\u7d1a\u3092\u76ee\u6307\u3057\u3066\u9811\u5f35\u308a\u307e\u3059\u3002<\/p>\n\n\n\n<h4 class=\"wp-block-heading\">&nbsp;<\/h4>\n\n\n\n<p class=\"has-text-align-center\"><span style=\"font-size: 18pt; color: #ff6600;\"><strong><span class=\"s1\"><a id=\"yamamoto\"><\/a>\u300c\u30d7\u30ec\u30bc\u30f3\u529b\u304c\u5f62\u306b\u6b8b\u308b\u300d<br><\/span><\/strong><\/span><\/p>\n\n\n<div class=\"wp-block-image\">\n<figure class=\"alignleft size-large is-resized\"><img loading=\"lazy\" decoding=\"async\" width=\"927\" height=\"1024\" src=\"https:\/\/preken.jp\/portal3\/wp-content\/uploads\/2026\/01\/260122205829134-927x1024.jpg\" alt=\"\" class=\"wp-image-8711\" style=\"aspect-ratio:0.9067796610169492;width:152px;height:auto\" srcset=\"https:\/\/preken.jp\/portal3\/wp-content\/uploads\/2026\/01\/260122205829134-927x1024.jpg 927w, https:\/\/preken.jp\/portal3\/wp-content\/uploads\/2026\/01\/260122205829134-272x300.jpg 272w, https:\/\/preken.jp\/portal3\/wp-content\/uploads\/2026\/01\/260122205829134-768x849.jpg 768w, https:\/\/preken.jp\/portal3\/wp-content\/uploads\/2026\/01\/260122205829134-1390x1536.jpg 1390w, https:\/\/preken.jp\/portal3\/wp-content\/uploads\/2026\/01\/260122205829134.jpg 1392w\" sizes=\"auto, (max-width: 927px) 100vw, 927px\" \/><\/figure>\n<\/div>\n\n\n<p><\/p>\n\n\n\n<p class=\"p1\"><span class=\"s1\">\u30d7\u30ec\u691c3<\/span><span class=\"s1\">\u7d1a\u5408\u683c\u3000\u5c71\u672c\u3000\u6602\u5e73<\/span><span class=\"s1\">\u3055\u3093\uff08\u4f1a\u793e\u54e1<\/span><span class=\"s2\">\/<\/span><span class=\"s1\">\u7537\u6027<\/span><span class=\"s2\">\/20<\/span><span class=\"s1\">\u4ee3\uff09<\/span><\/p>\n\n\n\n<p>\u30d7\u30ec\u30bc\u30f3\u3092\u305f\u3060\u597d\u304d\u3067\u5f97\u610f\u306a\u3093\u3067\u3059\u3068\u53e3\u3067\u3044\u3046\u3088\u308a\u3082\u3001\u5f62\u3068\u3057\u3066\u5f97\u610f\u3060\u3068\u3044\u3046\u8a3c\u62e0\u3092\u6b8b\u3057\u305f\u304b\u3063\u305f\u305f\u3081\u53d7\u691c\u3057\u307e\u3057\u305f\u3002<\/p>\n\n\n\n<p>\u30d7\u30ec\u691c\u306e\u8a66\u9a13\u304c\u3069\u3093\u306a\u3082\u306e\u304b\u77e5\u308b\u305f\u3081\u306b\u307e\u305a\u6e963\u7d1a\u304b\u3089\u306f\u3058\u3081\u307e\u3057\u305f\u3002<\/p>\n\n\n\n<p>\u8a66\u9a13\u52c9\u5f37\u306f\u516c\u5f0f\u30c6\u30ad\u30b9\u30c8\u3092\u8cfc\u5165\u3057\u3066\u3001\u4f55\u5468\u304b\u8aad\u307f\u8fbc\u307f\u307e\u3057\u305f\u3002<br>\u672c\u756a\u3067\u306f\u3001\u5b66\u3093\u3060\u77e5\u8b58\u3092\u518d\u78ba\u8a8d\u3059\u308b\u3053\u3068\u304c\u3067\u304d\u3066\u3068\u3066\u3082\u3088\u304b\u3063\u305f\u3067\u3059\u3002<\/p>\n\n\n\n<p>\u30d7\u30ec\u691c\u306e\u53d7\u691c\u3092\u901a\u3057\u3066\u30d7\u30ec\u30bc\u30f3\u306b\u5bfe\u3059\u308b\u57fa\u672c\u7684\u306a\u5fc3\u69cb\u3048\u3092\u8eab\u306b\u4ed8\u3051\u308b\u3053\u3068\u304c\u3067\u304d\u305f\u3068\u601d\u3044\u307e\u3059\u3002<\/p>\n\n\n\n<p>\u7533\u8fbc\u304b\u3089\u672c\u756a\u306e\u8a66\u9a13\u307e\u3067\u3059\u3079\u3066\u30aa\u30f3\u30e9\u30a4\u30f3\u3067\u3067\u304d\u308b\u305f\u3081\u3001\u8a66\u9a13\u4f1a\u5834\u306b\u884c\u304f\u5fc5\u8981\u3082\u3042\u308a\u307e\u305b\u3093\u3002\u52c9\u5f37\u3059\u308b\u3053\u3068\u306b\u3088\u308a\u8c4a\u5bcc\u306a\u77e5\u8b58\u3092\u5f97\u308b\u3053\u3068\u304c\u3067\u304d\u308b\u306e\u3067\u3001\u53d7\u691c\u3092\u691c\u8a0e\u3055\u308c\u3066\u3044\u308b\u65b9\u306b\u306f\u304a\u3059\u3059\u3081\u3067\u304d\u308b\u691c\u5b9a\u3067\u3059\u3002<\/p>\n\n\n<div class=\"wp-block-image\">\n<figure class=\"alignright\"><a href=\"#y\"><img loading=\"lazy\" decoding=\"async\" width=\"50\" height=\"50\" src=\"https:\/\/preken.jp\/portal3\/wp-content\/uploads\/2020\/06\/back_to_top_icon.jpg\" alt=\"\" class=\"wp-image-1226\"\/><\/a><\/figure>\n<\/div>\n\n\n<p><\/p>\n\n\n\n<h2 class=\"wp-block-heading\"><span style=\"font-size: 18pt;\">\u56e3\u4f53\u62c5\u5f53\u8005\u306e\u58f0<\/span><\/h2>\n\n\n\n<h4 class=\"wp-block-heading p1\"><strong><span class=\"s1\" style=\"font-size: 14pt;\">\u300c\u5bfe\u5916\u7684\u306a\u4fe1\u983c\u3082\u7372\u5f97\u3057\u3084\u3059\u304f\u306a\u308a\u307e\u3057\u305f\u300d<\/span><\/strong><\/h4>\n\n\n\n<p class=\"p1\"><strong><span class=\"s1\">\u7dcf\u5408\u96fb\u6a5f\u30e1\u30fc\u30ab\u30fc\u3000\u4f01\u696d\u5185\u6559\u80b2\u62c5\u5f53\u8005<\/span><\/strong><\/p>\n\n\n<div class=\"wp-block-image\">\n<figure class=\"alignright\"><img loading=\"lazy\" decoding=\"async\" width=\"300\" height=\"189\" src=\"https:\/\/preken.jp\/portal3\/wp-content\/uploads\/2020\/05\/paper-3213924_1920-300x189.jpg\" alt=\"\" class=\"wp-image-815\" srcset=\"https:\/\/preken.jp\/portal3\/wp-content\/uploads\/2020\/05\/paper-3213924_1920-300x189.jpg 300w, https:\/\/preken.jp\/portal3\/wp-content\/uploads\/2020\/05\/paper-3213924_1920-1024x645.jpg 1024w, https:\/\/preken.jp\/portal3\/wp-content\/uploads\/2020\/05\/paper-3213924_1920-768x484.jpg 768w, https:\/\/preken.jp\/portal3\/wp-content\/uploads\/2020\/05\/paper-3213924_1920-1536x968.jpg 1536w, https:\/\/preken.jp\/portal3\/wp-content\/uploads\/2020\/05\/paper-3213924_1920.jpg 1920w\" sizes=\"auto, (max-width: 300px) 100vw, 300px\" \/><\/figure>\n<\/div>\n\n\n<p class=\"p1\"><span class=\"s1\">\u5f0a\u793e\u3067\u306f\u300c\u30d7\u30ec\u691c\u300d\u306e\u56e3\u4f53\u53d7\u691c\u3092\u5b9f\u65bd\u3057\u307e\u3057\u305f\u3002\u53d7\u691c\u3057\u305f\u793e\u54e1\u304b\u3089\u306f\u3001\u300c\u76f8\u624b\u306e\u5fc3\u3092\u52d5\u304b\u3059\u305f\u3081\u306e<\/span><span class=\"s1\">\u30d7\u30ec\u30bc\u30f3\u306b\u3064\u3044\u3066\u5b66\u3093\u3060\u3053\u3068\u3067\u3001\u696d\u52d9\u4e0a\u306e\u3042\u3089\u3086\u308b\u5834\u9762\u3067\u6d3b\u7528\u3067\u304d\u308b\u300d\u3001\u300c\u793e\u5185\u3067\u306e\u30d3\u30b8\u30e7\u30f3\u30fb\u76ee\u6a19\u5171\u6709<\/span><span class=\"s1\">\u304c\u5fc5\u8981\u306a\u5834\u9762\u3067\u3082\u52b9\u679c\u304c\u3042\u308b\u300d\u306a\u3069\u306e\u58f0\u304c\u5bc4\u305b\u3089\u308c\u3066\u3044\u307e\u3059\u3002<\/span><\/p>\n\n\n\n<p class=\"p1\"><span class=\"s1\">\u5b9f\u969b\u3001\u65e5\u9803\u306e\u696d\u52d9\u3092\u898b\u3066\u3044\u3066\u3082\u3001\u5f97\u610f\u5148\u3067\u306e\u5546\u8ac7\u3001\u4f1a\u8b70\u3084\u793e\u5185\u30d7\u30ec\u30bc\u30f3\u306a\u3069\u3067\u306e\u8a71\u3057\u65b9\u306b\u5909\u5316\u304c<\/span><span class=\"s1\">\u898b\u3089\u308c\u307e\u3057\u305f\u3002\u793e\u5185\u30b3\u30df\u30e5\u30cb\u30b1\u30fc\u30b7\u30e7\u30f3\u3082\u6d3b\u767a\u306b\u306a\u3063\u305f\u3088\u3046\u306b\u611f\u3058\u3066\u3044\u307e\u3059\u3002<\/span><\/p>\n\n\n\n<p class=\"p1\"><span class=\"s1\">\u4f55\u3088\u308a\u3001\u30d7\u30ec\u30bc\u30f3\u30c6\u30fc\u30b7\u30e7\u30f3\u30b9\u30ad\u30eb\u304c\u300c\u898b\u3048\u308b\u5316\u300d\u3055\u308c\u305f\u3053\u3068\u3067\u3001\u793e\u54e1\u306e\u30e2\u30c1\u30d9\u30fc\u30b7\u30e7\u30f3\u304c\u4e0a\u304c\u3063\u305f<\/span><span class=\"s1\">\u306e\u306f\u3082\u3061\u308d\u3093\u3001\u5bfe\u5916\u7684\u306a\u4fe1\u983c\u3082\u7372\u5f97\u3057\u3084\u3059\u304f\u306a\u308a\u307e\u3057\u305f\u3002<\/span><\/p>\n\n\n<div class=\"wp-block-image\">\n<figure class=\"alignright\"><a href=\"#y\"><img loading=\"lazy\" decoding=\"async\" width=\"50\" height=\"50\" src=\"https:\/\/preken.jp\/portal3\/wp-content\/uploads\/2020\/06\/back_to_top_icon.jpg\" alt=\"\" class=\"wp-image-1226\"\/><\/a><\/figure>\n<\/div>\n\n\n<p><\/p>\n\n\n\n<h2 class=\"wp-block-heading p1\"><span style=\"font-size: 18pt;\">\u30d7\u30ec\u691c\u53d6\u5f97\u3067\u6d3b\u8e8d\u3057\u3066\u3044\u308b\u65b9<\/span><\/h2>\n\n\n\n<p class=\"has-text-align-center\"><span style=\"font-size: 18pt; color: #ff6600;\"><strong><span class=\"s1\"><a id=\"yamamoto\"><\/a>IT\u696d\u754c\u3000\u55b6\u696d\u3000T.K\u69d8<\/span><\/strong><\/span><\/p>\n\n\n<div class=\"wp-block-image\">\n<figure class=\"alignleft is-resized\"><img loading=\"lazy\" decoding=\"async\" width=\"220\" height=\"300\" src=\"https:\/\/preken.jp\/portal3\/wp-content\/uploads\/2023\/01\/\u540d\u79f0\u672a\u8a2d\u5b9a-800-\u00d7-250-px-1200-\u00d7-600-px-1200-\u00d7-800-px-1200-\u00d7-750-px-2-1-220x300.png\" alt=\"\" class=\"wp-image-4945\" style=\"width:118px;height:auto\" srcset=\"https:\/\/preken.jp\/portal3\/wp-content\/uploads\/2023\/01\/\u540d\u79f0\u672a\u8a2d\u5b9a-800-\u00d7-250-px-1200-\u00d7-600-px-1200-\u00d7-800-px-1200-\u00d7-750-px-2-1-220x300.png 220w, https:\/\/preken.jp\/portal3\/wp-content\/uploads\/2023\/01\/\u540d\u79f0\u672a\u8a2d\u5b9a-800-\u00d7-250-px-1200-\u00d7-600-px-1200-\u00d7-800-px-1200-\u00d7-750-px-2-1.png 551w\" sizes=\"auto, (max-width: 220px) 100vw, 220px\" \/><\/figure>\n<\/div>\n\n\n<p>\u30d7\u30ec\u691c\u3092\u53d7\u691c\u3057\u305f\u304d\u3063\u304b\u3051\u306f\u3001\u4f1a\u793e\u306e\u30b9\u30ad\u30eb\u5411\u4e0a\u306e\u76ee\u6a19\u8cc7\u683c\u306e\u4e2d\u306b\u30d7\u30ec\u691c\u304c\u3042\u308a\u3001\u5408\u683c\u3059\u308b\u3068\u8a55\u4fa1\u306b\u3064\u306a\u304c\u308b\u305f\u3081\u3067\u3059\u3002\u4f1a\u793e\u306e\u8cc7\u683c\u30b9\u30ad\u30eb\u57fa\u6e96\u304c\u30d7\u30ec\u691c\u6e962\u7d1a\u3060\u3063\u305f\u305f\u3081\u3001\u6e962\u7d1a\u3092\u53d7\u691c\u3057\u307e\u3057\u305f\u3002<\/p>\n\n\n\n<p>\u53d7\u691c\u3059\u308b\u3068\u6c7a\u5fc3\u3057\u3066\u304b\u3089\u306f\u65e9\u3081\u306b\u53d7\u691c\u65e5\u3092\u8a2d\u5b9a\u3057\u3001\u77ed\u671f\u9593\u3067\u96c6\u4e2d\u3057\u3066\u52c9\u5f37\u3059\u308b\u3088\u3046\u306b\u3057\u307e\u3057\u305f\u3002\u30d7\u30ec\u691c\u516c\u5f0f\u30c6\u30ad\u30b9\u30c8\u3092\u4e38\u6697\u8a18\u3059\u308b\u306e\u306f\u304b\u306a\u308a\u5927\u5909\u306a\u306e\u3067\u3001\u5b9f\u969b\u306e\u30d7\u30ec\u30bc\u30f3\u306e\u5834\u3092\u30a4\u30e1\u30fc\u30b8\u3057\u306a\u304c\u3089\u30c6\u30ad\u30b9\u30c8\u3092\u8aad\u307f\u9032\u3081\u3066\u3044\u304f\u306e\u304c\u3088\u3044\u3068\u601d\u3044\u307e\u3059\u3002<\/p>\n\n\n\n<p>\u76f4\u524d\u3067\u53d7\u8b1b\u3057\u305f\u300c\u53d7\u691c\u5bfe\u7b56\u4e8b\u524d\u8b1b\u5ea7\u300d\u3067\u306f\u3001\u53d7\u691c\u306e\u30a2\u30c9\u30d0\u30a4\u30b9\u3084\u30bb\u30af\u30b7\u30e7\u30f3\u306e\u51fa\u984c\u6bd4\u7387\u3092\u77e5\u308b\u3053\u3068\u304c\u3067\u304d\u307e\u3057\u305f\u3002\u3053\u306e\u8b1b\u5ea7\u3092\u53d7\u3051\u305f\u3053\u3068\u306b\u3088\u3063\u3066\u4e00\u6c17\u306b\u5408\u683c\u306b\u8fd1\u3065\u3051\u305f\u3068\u601d\u3044\u307e\u3059\u3002<br>\u30d7\u30ec\u691c\u306e\u53d7\u691c\u3092\u901a\u3057\u3066\u8eab\u306b\u3064\u3044\u305f\u77e5\u8b58\u306f\u3001\u666e\u6bb5\u304b\u3089\u6d3b\u7528\u3067\u304d\u308b\u3082\u306e\u3067\u3059\u3002\u793e\u5185\u3067\u30d7\u30ec\u30bc\u30f3\u3092\u3059\u308b\u6a5f\u4f1a\u306f\u3042\u307e\u308a\u3042\u308a\u307e\u305b\u3093\u304c\u3001\u4e0a\u53f8\u3084\u90e8\u4e0b\u3068\u306e\u4f1a\u8a71\u3084\u55b6\u696d\u5148\u3067\u3082\u76f8\u624b\u304c\u3069\u306e\u3088\u3046\u306b\u611f\u3058\u308b\u304b\u3092\u8003\u3048\u3066\u304b\u3089\u8a71\u304c\u3067\u304d\u308b\u3088\u3046\u306b\u306a\u308a\u307e\u3057\u305f\u3002<\/p>\n\n\n\n<h4 class=\"wp-block-heading\">&nbsp;<\/h4>\n\n\n\n<p class=\"has-text-align-center\"><span style=\"font-size: 18pt; color: #ff6600;\"><strong><span class=\"s1\"><a id=\"yamamoto\"><\/a>\u533b\u85ac\u54c1\u696d\u754c\u3000\u30b3\u30f3\u30b5\u30eb\u30bf\u30f3\u30c8\u3000Y.K\u69d8<\/span><\/strong><\/span><\/p>\n\n\n<div class=\"wp-block-image\">\n<figure class=\"alignleft is-resized\"><img loading=\"lazy\" decoding=\"async\" width=\"220\" height=\"300\" src=\"https:\/\/preken.jp\/portal3\/wp-content\/uploads\/2023\/01\/\u540d\u79f0\u672a\u8a2d\u5b9a-800-\u00d7-250-px-1200-\u00d7-600-px-1200-\u00d7-800-px-1200-\u00d7-750-px-3-220x300.png\" alt=\"\" class=\"wp-image-4951\" style=\"width:118px;height:auto\" srcset=\"https:\/\/preken.jp\/portal3\/wp-content\/uploads\/2023\/01\/\u540d\u79f0\u672a\u8a2d\u5b9a-800-\u00d7-250-px-1200-\u00d7-600-px-1200-\u00d7-800-px-1200-\u00d7-750-px-3-220x300.png 220w, https:\/\/preken.jp\/portal3\/wp-content\/uploads\/2023\/01\/\u540d\u79f0\u672a\u8a2d\u5b9a-800-\u00d7-250-px-1200-\u00d7-600-px-1200-\u00d7-800-px-1200-\u00d7-750-px-3.png 551w\" sizes=\"auto, (max-width: 220px) 100vw, 220px\" \/><\/figure>\n<\/div>\n\n\n<p>\u81ea\u5206\u306e\u52c9\u5f37\u306e\u305f\u3081\u3060\u3051\u3067\u306f\u306a\u304f\u3001\u90e8\u4e0b\u306e\u30d5\u30a3\u30fc\u30c9\u30d0\u30c3\u30af\u306e\u969b\u306b\u6839\u62e0\u3092\u6301\u3063\u3066\u4f1d\u3048\u305f\u304b\u3063\u305f\u3053\u3068\u304c\u30d7\u30ec\u691c\u53d7\u691c\u306e\u304d\u3063\u304b\u3051\u3067\u3059\u3002<\/p>\n\n\n\n<p>\u4eca\u56de\u3001\u53d7\u9a13\u8cc7\u683c\u304c\u5fc5\u8981\u306a\u3044\u7d1a\u306e\u4e2d\u3067\u4e00\u756a\u9ad8\u3044\u6e962\u7d1a\u306b\u6311\u6226\u3057\u307e\u3057\u305f\u3002\u53d7\u691c\u52c9\u5f37\u3068\u3057\u3066\u306f\u516c\u5f0f\u30c6\u30ad\u30b9\u30c8\u306e\u7cbe\u8aad\u306e\u4ed6\u306b\u3001\u72ec\u81ea\u3067\u5b66\u7fd2\u30ce\u30fc\u30c8\u3082\u4f5c\u308a\u307e\u3057\u305f\u3002\u516c\u5f0f\u30c6\u30ad\u30b9\u30c8\u30921\u5468\u76ee\u306f\u5927\u4e8b\u306a\u3068\u3053\u308d\u306b\u30a2\u30f3\u30c0\u30fc\u30e9\u30a4\u30f3\u3092\u5f15\u3044\u3066\u8aad\u307f\u9032\u3081\u30012\u5468\u76ee\u306f\u30ce\u30fc\u30c8\u306b\u8981\u7d04\u3092\u3057\u307e\u3057\u305f\u3002\u8981\u7d04\u306f\u8a66\u9a13\u76f4\u524d\u306b\u516c\u5f0f\u30c6\u30ad\u30b9\u30c8\u3068\u7167\u3089\u3057\u5408\u308f\u305b\u306a\u304c\u3089\u78ba\u8a8d\u3059\u308b\u3053\u3068\u304c\u3067\u304d\u308b\u306e\u3067\u304a\u3059\u3059\u3081\u306e\u52c9\u5f37\u6cd5\u3067\u3059\u3002<\/p>\n\n\n\n<p>\u30d7\u30ec\u691c\u306e\u53d7\u691c\u3092\u901a\u3058\u3066\u5b66\u7fd2\u3057\u305f\u3053\u3068\u3092\u5b9f\u969b\u306e\u696d\u52d9\u3067\u30a2\u30a6\u30c8\u30d7\u30c3\u30c8\u3059\u308b\u3053\u3068\u304c\u3067\u304d\u308b\u306e\u3067\u3001\u30d7\u30ec\u30bc\u30f3\u30b9\u30ad\u30eb\u306e\u5b9a\u7740\u306b\u3064\u306a\u304c\u3063\u3066\u3044\u307e\u3059\u3002\u307e\u305f\u3001\u30d7\u30ec\u30bc\u30f3\u306e\u69cb\u6210\u4f5c\u308a\u306b\u81ea\u4fe1\u304c\u3064\u304d\u3001\u9867\u5ba2\u8996\u70b9\u3067\u7269\u4e8b\u3092\u8003\u3048\u308b\u3053\u3068\u304c\u4ee5\u524d\u3088\u308a\u3067\u304d\u308b\u3088\u3046\u306b\u306a\u308a\u307e\u3057\u305f\u3002<\/p>\n\n\n\n<h4 class=\"wp-block-heading\">&nbsp;<\/h4>\n\n\n\n<h5 class=\"wp-block-heading p1\"><span class=\"s2\">\u516c\u7acb<span style=\"color: #ff6600;\">\u5c0f\u5b66\u6821\u6559\u8aed<\/span>\u3000\uff21\u69d8<\/span><\/h5>\n\n\n\n<p class=\"p1\"><span class=\"s2\">\u500b\u4eba\u53d7\u691c\u3067<\/span><span class=\"s3\">\uff12<\/span><span class=\"s2\">\u7d1a\u307e\u3067\u5408\u683c\u3057\u3001\u6e96\uff11<\/span><span class=\"s2\">\u7d1a\u53d7\u691c\u306b\u6311\u6226\u4e2d\u3002\u30d7\u30ec\u30bc\u30f3\u30c6\u30fc\u30b7\u30e7\u30f3\u529b\u3092\u7fd2\u5f97\u3057\u306f\u3058\u3081\u3066\u304b\u3089<\/span><span class=\"s3\">\uff13<\/span><span class=\"s2\">\u3064\u306e\u5909\u5316\u304c\u3042\u3063\u305f\u305d\u3046\u3067\u3059\u3002\u2460\u5b50\u4f9b\u306e\u305b\u3044\u306b\u3057\u306a\u304f\u306a\u3063\u305f\u3001\u2461\u4f1a\u8b70\u304c\u65e9\u304f\u7d42\u308f\u308b\u3088\u3046\u306b\u306a\u3063\u305f\u3001\u2462\u63d0\u6848\u304c\u3068\u304a\u308b\u3088\u3046\u306b\u306a\u3063\u305f\u3002\u5927\u5b66\u306e\u30d7\u30ec\u30bc\u30f3\u30c6\u30fc\u30b7\u30e7\u30f3\u3092\u6307\u5c0e\u3059\u308b\u975e\u5e38\u52e4\u8b1b\u5e2b\u306e\u624b\u4f1d\u3044\u3092\u7d4c\u3066\u3001\u73fe\u5728\u306f\u3001\u81ea\u8eab\u3082\u975e\u5e38\u52e4\u8b1b\u5e2b\u3068\u3057\u3066\u6d3b\u8e8d\u3057\u306f\u3058\u3081\u307e\u3057\u305f\u3002<\/span><\/p>\n\n\n\n<h5 class=\"wp-block-heading p1\"><span class=\"s2\"><span style=\"color: #ff6600;\">\u5f01\u8b77\u58eb<\/span>\u3000\uff22\u69d8<\/span><\/h5>\n\n\n\n<p class=\"p1\"><span class=\"s2\">\u30d7\u30ec\u691c\uff12<\/span><span class=\"s2\">\u7d1a\u5408\u683c\u8005\u306e\u7b2c\uff11<\/span><span class=\"s2\">\u53f7\u3001\u307e\u305f\u3001\u6e96\uff12\u7d1a\u306e\u6700\u9ad8\u70b9\u4fdd\u6301\u8005\u3067\u3059\u3002\u30d7\u30ec\u30bc\u30f3\u52c9\u5f37\u4f1a\u3092\u4e3b\u5bb0\u3002\u30d7\u30ec\u30bc\u30f3\u30c6\u30fc\u30b7\u30e7\u30f3\u529b\u5411\u4e0a\u306e\u6210\u679c\u304b\u3089\u3001\u81ea\u8eab\u306e\u5c02\u9580\u5206\u91ce\u3067\u81ea\u6cbb\u4f53\u304b\u3089\u8b1b\u5e2b\u4f9d\u983c\u3001\u5927\u5b66\u3067\u30d7\u30ec\u30bc\u30f3\u30c6\u30fc\u30b7\u30e7\u30f3\u306e\u6307\u5c0e\u4f9d\u983c\u3082\u5bc4\u305b\u3089\u308c\u3066\u3044\u307e\u3059\u3002\u52c9\u5f37\u4f1a\u30e1\u30f3\u30d0\u30fc\u3078\u306e\u30d7\u30ec\u691c\u3082\u5553\u8499\u3057\u3001\u81ea\u8eab\u306f\u6e96\uff11<\/span><span class=\"s2\">\u7d1a\u306b\u6311\u6226\u4e2d\u3002<\/span><\/p>\n\n\n\n<h5 class=\"wp-block-heading p1\"><span class=\"s2\">\u7dcf\u5408\u96fb\u6a5f\u30e1\u30fc\u30ab\u30fc\u3000<span style=\"color: #ff6600;\">\u63a1\u7528\u62c5\u5f53<\/span>\u3000\uff23\u69d8<\/span><\/h5>\n\n\n\n<p class=\"p1\"><span class=\"s2\">\u56e3\u4f53\u53d7\u691c\u3067\u30d7\u30ec\u691c\uff13\u7d1a\uff5e\uff12\u7d1a\u307e\u3067\u5408\u683c\u3002\u793e\u5185\u3067\u521d\u306e\uff12<\/span><span class=\"s2\">\u7d1a\u5408\u683c\u8005\u3002\u516c\u5f0f\u30c6\u30ad\u30b9\u30c8\u7cbe\u8aad\u304b\u3089\u653b\u7565\u30bb\u30df\u30ca\u30fc<\/span><span class=\"s3\">\/<\/span><span class=\"s2\">\u30d7\u30ec\u30bc\u30f3\u4e2d\u7d1a<\/span><span class=\"s3\">\/<\/span><span class=\"s2\">\u4e0a\u7d1a\u8b1b\u5ea7\u3092\u53d7\u8b1b\u3002\u7fd2\u5f97\u3057\u305f\u30d7\u30ec\u30bc\u30f3\u30c6\u30fc\u30b7\u30e7\u30f3\u529b\u3092\u63a1\u7528\u306e\u4f1a\u793e\u8aac\u660e\u4f1a\u3067\u767a\u63ee\u3057\u3066\u3044\u307e\u3059\u3002\u5c11\u4eba\u6570\u3067\u3082\u5927\u4eba\u6570\u3067\u3082\u8074\u304d\u624b\u3092\u9b45\u4e86\u3057\u3001\u793e\u5185\u3067\u306f\u8ab0\u3082\u304c<\/span><span class=\"s3\">\u201c<\/span><span class=\"s2\">\u30d7\u30ec\u30bc\u30f3\u4e0a\u624b<\/span><span class=\"s3\">\u201d<\/span><span class=\"s2\">\u3068\u8a55\u5224\u3067\u3059\u3002<\/span><\/p>\n\n\n\n<h5 class=\"wp-block-heading p1\"><span class=\"s2\">\u6620\u50cf\u6a5f\u5668\u30fb\u30d7\u30ea\u30f3\u30bf\u30fc\u88fd\u9020\u8ca9\u58f2\u4f1a\u793e\u3000<span style=\"color: #ff6600;\">\u55b6\u696d<\/span>\u3000\uff24\u69d8<\/span><\/h5>\n\n\n\n<p class=\"p1\"><span class=\"s2\">\u56e3\u4f53\u53d7\u691c\u3067\u30d7\u30ec\u691c\u6e96\uff12\u7d1a\u5408\u683c\u3002\u30d7\u30ec\u691c\u306b\u5408\u683c\u5f8c\u306f\u3001\u3054\u81ea\u8eab\u306e\u540d\u523a\u306b\u30d7\u30ec\u691c\u53d6\u5f97\u3092\u660e\u8a18\u3055\u308c\u307e\u3057\u305f\u3002\u540d\u523a\u4ea4\u63db\u3067\u8a71\u984c\u306b\u3042\u304c\u308a\u5546\u8ac7\u3082\u30b9\u30e0\u30fc\u30ba\u306b\u306a\u308b\u305d\u3046\u3067\u3059\u3002\u73fe\u5728\u306f\u3001\u55b6\u696d\u672c\u90e8\u306b\u3066\u8cac\u4efb\u306e\u3042\u308b\u30dd\u30b8\u30b7\u30e7\u30f3\u3067\u3054\u6d3b\u8e8d\u4e2d\u3002\u90e8\u4e0b\u306b\u53d7\u691c\u3092\u63a8\u5968\u3057\u3064\u3064\u3001\u3054\u81ea\u8eab\u3082\uff12<\/span><span class=\"s2\">\u7d1a\u306b\u6311\u6226\u3092\u601d\u6848\u4e2d\u3060\u305d\u3046\u3067\u3059\u3002<\/span><\/p>\n\n\n\n<p class=\"has-text-align-center p1\"><span class=\"s1\"><br><\/span><span class=\"s1\">\u30d7\u30ec\u691c\u53d6\u5f97\u3067\u6d3b\u8e8d\u3057\u3066\u3044\u308b\u65b9\u3078\u30a4\u30f3\u30bf\u30d3\u30e5\u30fc\u3092\u3057\u3066\u3044\u307e\u3059\u3002<br>\u7d50\u679c\u306f\u9806\u6b21\u304a\u77e5\u3089\u305b\u3057\u3066\u3044\u304d\u307e\u3059\u3002<br>\u307e\u305f\u3001\u30a4\u30f3\u30bf\u30d3\u30e5\u30fc\u5354\u529b\u3078\u81ea\u85a6<\/span><span class=\"s2\">\/<\/span><span class=\"s1\">\u4ed6\u85a6\u3092\u6b53\u8fce\u3057\u307e\u3059\u3002<br>\u3053\u3061\u3089\u304b\u3089\u304a\u9858\u3044\u3057\u307e\u3059\u3002<\/span><\/p>\n\n\n<div class=\"wp-block-image\">\n<figure class=\"aligncenter\"><a href=\"https:\/\/preken.jp\/exam\/user\/contact\/\" target=\"_blank\" rel=\"noopener noreferrer\"><img loading=\"lazy\" decoding=\"async\" width=\"360\" height=\"51\" src=\"https:\/\/preken.jp\/portal3\/wp-content\/uploads\/2020\/06\/\u30a2\u30a4\u30b3\u30f3\u30d8\u3099\u30fc\u30b92_\u304a\u554f\u3044\u5408\u308f\u305b.jpg\" alt=\"\" class=\"wp-image-1101\" srcset=\"https:\/\/preken.jp\/portal3\/wp-content\/uploads\/2020\/06\/\u30a2\u30a4\u30b3\u30f3\u30d8\u3099\u30fc\u30b92_\u304a\u554f\u3044\u5408\u308f\u305b.jpg 360w, https:\/\/preken.jp\/portal3\/wp-content\/uploads\/2020\/06\/\u30a2\u30a4\u30b3\u30f3\u30d8\u3099\u30fc\u30b92_\u304a\u554f\u3044\u5408\u308f\u305b-300x43.jpg 300w\" sizes=\"auto, (max-width: 360px) 100vw, 360px\" \/><\/a><\/figure>\n<\/div>\n\n<div class=\"wp-block-image\">\n<figure class=\"alignright\"><a href=\"#y\"><img loading=\"lazy\" decoding=\"async\" width=\"50\" height=\"50\" src=\"https:\/\/preken.jp\/portal3\/wp-content\/uploads\/2020\/06\/back_to_top_icon.jpg\" alt=\"\" class=\"wp-image-1226\"\/><\/a><\/figure>\n<\/div>\n\n\n<p class=\"has-text-align-center p1\"><span class=\"s1\"><br><\/span><\/p>\n\n\n\n<p class=\"p1\">&nbsp;<\/p>\n","protected":false},"excerpt":{"rendered":"<p>\u30d7\u30ec\u691c\u3092\u53d7\u691c\u3055\u308c\u305f\u307f\u306a\u3055\u307e\u306e\u58f0\u3092\u3054\u7d39\u4ecb\u3057\u307e\u3059\u3002<\/p>\n","protected":false},"author":1,"featured_media":576,"parent":362,"menu_order":10,"comment_status":"closed","ping_status":"closed","template":"","meta":{"vkexunit_cta_each_option":"","footnotes":""},"class_list":["post-802","page","type-page","status-publish","has-post-thumbnail","hentry"],"_links":{"self":[{"href":"https:\/\/preken.jp\/portal3\/wp-json\/wp\/v2\/pages\/802","targetHints":{"allow":["GET"]}}],"collection":[{"href":"https:\/\/preken.jp\/portal3\/wp-json\/wp\/v2\/pages"}],"about":[{"href":"https:\/\/preken.jp\/portal3\/wp-json\/wp\/v2\/types\/page"}],"author":[{"embeddable":true,"href":"https:\/\/preken.jp\/portal3\/wp-json\/wp\/v2\/users\/1"}],"replies":[{"embeddable":true,"href":"https:\/\/preken.jp\/portal3\/wp-json\/wp\/v2\/comments?post=802"}],"version-history":[{"count":54,"href":"https:\/\/preken.jp\/portal3\/wp-json\/wp\/v2\/pages\/802\/revisions"}],"predecessor-version":[{"id":8719,"href":"https:\/\/preken.jp\/portal3\/wp-json\/wp\/v2\/pages\/802\/revisions\/8719"}],"up":[{"embeddable":true,"href":"https:\/\/preken.jp\/portal3\/wp-json\/wp\/v2\/pages\/362"}],"wp:featuredmedia":[{"embeddable":true,"href":"https:\/\/preken.jp\/portal3\/wp-json\/wp\/v2\/media\/576"}],"wp:attachment":[{"href":"https:\/\/preken.jp\/portal3\/wp-json\/wp\/v2\/media?parent=802"}],"curies":[{"name":"wp","href":"https:\/\/api.w.org\/{rel}","templated":true}]}}